{"id":10642,"date":"2025-06-20T11:57:05","date_gmt":"2025-06-20T09:57:05","guid":{"rendered":"https:\/\/www.stikalabels.be\/shop\/unkategorisiert\/ttr-farbband-220-mm-x-300-m\/"},"modified":"2026-02-09T15:42:49","modified_gmt":"2026-02-09T14:42:49","slug":"ttr-farbband-220-mm-x-300-m","status":"publish","type":"product","link":"https:\/\/www.stikalabels.be\/de\/shop\/tt-folien\/tt-folie\/ttr-farbband-220-mm-x-300-m\/","title":{"rendered":"TTR-Farbband 220 mm x 300 m"},"content":{"rendered":"<p>Diese Qualit\u00e4t ist eine der leistungsst\u00e4rksten Wachs-Harz-Qualit\u00e4ten mit Flachkopftechnologie auf dem Markt und bietet eine ausgezeichnete Allround-Leistung f\u00fcr den Druck von dunklen,<br \/>\nscharfen Bildern und Barcodes auf einer Vielzahl von Papier- und Synthetiketiketten, mit der Haltbarkeit und Wisch- und Kratzfestigkeit, die Sie von einem solchen Spitzenprodukt erwarten.<br \/>\nDiese Qualit\u00e4t wurde f\u00fcr den Druck mit niedrigen Energieniveaus entwickelt, was h\u00f6here Druckgeschwindigkeiten erm\u00f6glicht.<\/p>\n<p>Empfohlene Materialien:<br \/>\nBeschichtetes\/unbeschichtetes Papier, synthetisches Papier, Polyethylen, Polypropylen, Glanzpapier, UV-lackierte Etiketten.<\/p>\n","protected":false},"excerpt":{"rendered":"<p><strong>High Performance Flat Head Wachs-Harz<\/strong><\/p>\n<ul>\n<li>Fantastische Druckergebnisse mit ausgezeichneter Kratzfestigkeit<\/li>\n<li>Hohe Druckhaltbarkeit<\/li>\n<li>Druck auf einer Vielzahl von Substraten, von ungestrichenem Papier bis hin zu synthetischen Folien<\/li>\n<li>Drucken mit hohen Geschwindigkeiten f\u00fcr scharfe Barcodes<\/li>\n<li>Hitzebest\u00e4ndig bis 120 \u00b0C auf bestimmten Materialien<\/li>\n<li>Entspricht den BS5609-Normen mit bestimmten Etikettenmaterialien<\/li>\n<\/ul>\n<p>Es gibt eine Mindestabnahme von 15 Rollen.<br \/>\nSind Sie unsicher, ob Sie Inside oder Outside ben\u00f6tigen? Nehmen Sie einfach Kontakt mit uns auf, wir helfen Ihnen gerne weiter. <\/p>\n<p>&nbsp;<\/p>\n","protected":false},"featured_media":5328,"template":"","meta":{"_et_pb_use_builder":"","_et_pb_old_content":"","_et_gb_content_width":"","advanced_seo_description":"","jetpack_seo_html_title":"","jetpack_seo_noindex":false,"jetpack_publicize_message":"","jetpack_publicize_feature_enabled":true,"jetpack_social_post_already_shared":true,"jetpack_social_options":{"image_generator_settings":{"template":"highway","default_image_id":0,"font":"","enabled":false},"version":2}},"product_brand":[],"product_cat":[788],"product_tag":[],"class_list":{"0":"post-10642","1":"product","2":"type-product","3":"status-publish","4":"has-post-thumbnail","6":"product_cat-tt-folie","8":"first","9":"instock","10":"taxable","11":"shipping-taxable","12":"purchasable","13":"product-type-simple"},"bundled_by":[],"bundle_stock_status":"instock","bundle_stock_quantity":null,"bundle_virtual":false,"bundle_layout":"","bundle_add_to_cart_form_location":"","bundle_editable_in_cart":false,"bundle_sold_individually_context":"","bundle_item_grouping":"","bundle_min_size":"","bundle_max_size":"","bundle_price":[],"bundled_items":[],"bundle_sell_ids":[],"jetpack_publicize_connections":[],"thumbnail":"https:\/\/www.stikalabels.be\/wp-content\/uploads\/2024\/12\/ttr_ribbons_3.jpg","price_html":"\t\t<span class=\"tiered-pricing-dynamic-price-wrapper\"\n\t\t\t  data-display-context=\"shop-loop\"\n\t\t\t  data-price-type=\"dynamic\"\n\t\t\t  data-product-id=\"10642\"\n\t\t\t  data-parent-id=\"10642\">\n\t\t\tFordern Sie hier Ihr Angebot an<\/span>","on_sale":false,"stock_status":"instock","rating_html":"","rating_count":0,"jetpack_sharing_enabled":true,"tiered_pricing_type":"fixed","tiered_pricing_fixed_rules":{"15":20.43,"30":19.74,"45":18.52},"tiered_pricing_product_settings":{"layout":"default","base_unit_name":{"singular":null,"plural":null},"default_variation":null},"tiered_pricing_minimum_quantity":15,"tiered_pricing_roles_data":[],"tiered_pricing_percentage_rules":[],"tiered_pricing_maximum_quantity":null,"tiered_pricing_quantity_step":null,"_links":{"self":[{"href":"https:\/\/www.stikalabels.be\/de\/wp-json\/wp\/v2\/product\/10642","targetHints":{"allow":["GET"]}}],"collection":[{"href":"https:\/\/www.stikalabels.be\/de\/wp-json\/wp\/v2\/product"}],"about":[{"href":"https:\/\/www.stikalabels.be\/de\/wp-json\/wp\/v2\/types\/product"}],"wp:featuredmedia":[{"embeddable":true,"href":"https:\/\/www.stikalabels.be\/de\/wp-json\/wp\/v2\/media\/5328"}],"wp:attachment":[{"href":"https:\/\/www.stikalabels.be\/de\/wp-json\/wp\/v2\/media?parent=10642"}],"wp:term":[{"taxonomy":"product_brand","embeddable":true,"href":"https:\/\/www.stikalabels.be\/de\/wp-json\/wp\/v2\/product_brand?post=10642"},{"taxonomy":"product_cat","embeddable":true,"href":"https:\/\/www.stikalabels.be\/de\/wp-json\/wp\/v2\/product_cat?post=10642"},{"taxonomy":"product_tag","embeddable":true,"href":"https:\/\/www.stikalabels.be\/de\/wp-json\/wp\/v2\/product_tag?post=10642"}],"curies":[{"name":"wp","href":"https:\/\/api.w.org\/{rel}","templated":true}]}}