{"id":10762,"date":"2025-05-22T16:40:45","date_gmt":"2025-05-22T14:40:45","guid":{"rendered":"https:\/\/www.stikalabels.be\/shop\/unkategorisiert\/haengeetiketten-art-nr-r014\/"},"modified":"2026-01-06T21:08:53","modified_gmt":"2026-01-06T20:08:53","slug":"haengeetiketten-art-nr-r014","status":"publish","type":"product","link":"https:\/\/www.stikalabels.be\/de\/shop\/fleischindustrie\/hangetiketten\/haengeetiketten-art-nr-r014\/","title":{"rendered":"H\u00e4ngeetiketten \u2013 Art.-Nr. R014"},"content":{"rendered":"<p data-start=\"73\" data-end=\"204\">Diese lebensmittelechten Etiketten wurden speziell f\u00fcr die Kennzeichnung von Produkten in der Lebensmittelindustrie entwickelt.<\/p>\n<p data-start=\"206\" data-end=\"787\">Diese Etiketten k\u00f6nnen als Boxetiketten f\u00fcr die Eurobox (Eurocontainer E2) oder Versandkisten, zur Kennzeichnung von Tieren und Pflanzen sowie f\u00fcr viele andere Anwendungen verwendet werden. Das Material dieser H\u00e4ngeetiketten ist f\u00fcr den Kontakt mit Lebensmitteln geeignet. Diese Schlaufenetiketten werden unter anderem in Schlachth\u00f6fen, R\u00e4uchereien und Metzgereien eingesetzt.  <\/p>\n<p data-start=\"789\" data-end=\"1101\">Sie k\u00f6nnen sowohl in Wei\u00df als auch in Farbe und in verschiedenen St\u00e4rken hergestellt werden. Auch der Aufdruck Ihres Logos oder Textes geh\u00f6rt zu unseren M\u00f6glichkeiten. <\/p>\n<p data-start=\"789\" data-end=\"1101\">Suchen Sie ein H\u00e4ngeetikett oder eine Farbe, die im Shop nicht standardm\u00e4\u00dfig verf\u00fcgbar ist? Dann stehen wir Ihnen selbstverst\u00e4ndlich mit einer <strong>ma\u00dfgeschneiderten L\u00f6sung<\/strong> f\u00fcr Ihre Bed\u00fcrfnisse zur Seite. <\/p>\n<p>Alle Preise verstehen sich pro Tausend, exklusive Mehrwertsteuer. Kunststoff, rei\u00dffest und lebensmittelecht. Standardm\u00e4\u00dfig verpackt unter Papierband pro 250 St\u00fcck. <\/p>\n<p>&nbsp;<\/p>\n","protected":false},"excerpt":{"rendered":"<p>Lebensmittelechte Etiketten f\u00fcr die Kennzeichnung von Produkten in der Lebensmittelindustrie.<\/p>\n<p>Alle Preise verstehen sich pro Tausend, exklusive Mehrwertsteuer. Kunststoff, rei\u00dffest und lebensmittelecht. Farbe recto.  <\/p>\n<p>Standardm\u00e4\u00dfig verpackt unter Papierband pro 250 St\u00fcck.<\/p>\n","protected":false},"featured_media":6551,"template":"","meta":{"_et_pb_use_builder":"","_et_pb_old_content":"","_et_gb_content_width":"","advanced_seo_description":"","jetpack_seo_html_title":"","jetpack_seo_noindex":false,"jetpack_publicize_message":"","jetpack_publicize_feature_enabled":true,"jetpack_social_post_already_shared":true,"jetpack_social_options":{"image_generator_settings":{"template":"highway","default_image_id":0,"font":"","enabled":false},"version":2}},"product_brand":[],"product_cat":[1905],"product_tag":[1912],"class_list":{"0":"post-10762","1":"product","2":"type-product","3":"status-publish","4":"has-post-thumbnail","6":"product_cat-hangetiketten","7":"product_tag-fisch-und-fleischindustrie","9":"first","10":"instock","11":"taxable","12":"shipping-taxable","13":"purchasable","14":"product-type-variable","15":"has-default-attributes"},"bundled_by":[],"bundle_stock_status":"instock","bundle_stock_quantity":null,"bundle_virtual":false,"bundle_layout":"","bundle_add_to_cart_form_location":"","bundle_editable_in_cart":false,"bundle_sold_individually_context":"","bundle_item_grouping":"","bundle_min_size":"","bundle_max_size":"","bundle_price":[],"bundled_items":[],"bundle_sell_ids":[],"jetpack_publicize_connections":[],"thumbnail":"https:\/\/www.stikalabels.be\/wp-content\/uploads\/2025\/05\/HL_055_310_WI_R014-alg.png","price_html":"\t\t<span class=\"tiered-pricing-dynamic-price-wrapper tiered-pricing-dynamic-price-wrapper--variable\"\n\t\t\t  data-display-context=\"shop-loop\"\n\t\t\t  data-price-type=\"dynamic\"\n\t\t\t  data-product-id=\"10762\"\n\t\t\t  data-parent-id=\"10762\">\n\t\t\tFordern Sie hier Ihr Angebot an<\/span>","on_sale":false,"stock_status":"instock","rating_html":"","rating_count":0,"jetpack_sharing_enabled":true,"tiered_pricing_type":"fixed","tiered_pricing_fixed_rules":[],"tiered_pricing_product_settings":{"layout":"default","base_unit_name":{"singular":null,"plural":null},"default_variation":null},"tiered_pricing_minimum_quantity":null,"tiered_pricing_roles_data":[],"tiered_pricing_percentage_rules":[],"tiered_pricing_maximum_quantity":null,"tiered_pricing_quantity_step":null,"_links":{"self":[{"href":"https:\/\/www.stikalabels.be\/de\/wp-json\/wp\/v2\/product\/10762","targetHints":{"allow":["GET"]}}],"collection":[{"href":"https:\/\/www.stikalabels.be\/de\/wp-json\/wp\/v2\/product"}],"about":[{"href":"https:\/\/www.stikalabels.be\/de\/wp-json\/wp\/v2\/types\/product"}],"wp:featuredmedia":[{"embeddable":true,"href":"https:\/\/www.stikalabels.be\/de\/wp-json\/wp\/v2\/media\/6551"}],"wp:attachment":[{"href":"https:\/\/www.stikalabels.be\/de\/wp-json\/wp\/v2\/media?parent=10762"}],"wp:term":[{"taxonomy":"product_brand","embeddable":true,"href":"https:\/\/www.stikalabels.be\/de\/wp-json\/wp\/v2\/product_brand?post=10762"},{"taxonomy":"product_cat","embeddable":true,"href":"https:\/\/www.stikalabels.be\/de\/wp-json\/wp\/v2\/product_cat?post=10762"},{"taxonomy":"product_tag","embeddable":true,"href":"https:\/\/www.stikalabels.be\/de\/wp-json\/wp\/v2\/product_tag?post=10762"}],"curies":[{"name":"wp","href":"https:\/\/api.w.org\/{rel}","templated":true}]}}