{"id":11037,"date":"2025-08-06T14:44:56","date_gmt":"2025-08-06T12:44:56","guid":{"rendered":"https:\/\/www.stikalabels.be\/shop\/unkategorisiert\/50-x-50-mm-1-bahnig\/"},"modified":"2026-01-14T16:47:49","modified_gmt":"2026-01-14T15:47:49","slug":"50-x-50-mm-1-bahnig","status":"publish","type":"product","link":"https:\/\/www.stikalabels.be\/de\/shop\/transport-und-logistikbranche\/etiketten-auf-rolle\/selbstklebende-etiketten\/50-x-50-mm-1-bahnig\/","title":{"rendered":"50 x 50 mm \u2013 1-bahnig"},"content":{"rendered":"<p data-start=\"213\" data-end=\"291\">Unsere <strong>selbstklebenden Etiketten<\/strong> sind ideal f\u00fcr eine schnelle und dauerhafte Kennzeichnung. Dank der starken Klebeschicht haften sie m\u00fchelos auf verschiedenen Oberfl\u00e4chen wie Papier, Kunststoff, T\u00f6pfen und Metall. Perfekt f\u00fcr den Einsatz auf Verpackungen, Produkten oder in B\u00fcroumgebungen. Erh\u00e4ltlich in verschiedenen Formaten und Ausf\u00fchrungen, einfach anzubringen.   <\/p>\n<p>Die Etiketten sind f\u00fcr den Druck mit einem Thermotransferdrucker geeignet, was f\u00fcr einen scharfen, abriebfesten Aufdruck sorgt.<\/p>\n<h4 data-start=\"693\" data-end=\"729\">Anwendungen im Gartenbau:<\/h4>\n<ul data-start=\"730\" data-end=\"966\">\n<li data-start=\"730\" data-end=\"782\">\n<p data-start=\"732\" data-end=\"782\">Etikettierung von T\u00f6pfen, Karren, Folie, &#8230;<\/p>\n<\/li>\n<li data-start=\"783\" data-end=\"840\">\n<p data-start=\"785\" data-end=\"840\">Geeignet f\u00fcr den Einsatz in Gew\u00e4chsh\u00e4usern, Feldern und Gartencentern<\/p>\n<\/li>\n<li data-start=\"783\" data-end=\"840\">\n<p data-start=\"785\" data-end=\"840\">Die Kunststoffausf\u00fchrungen sind best\u00e4ndig gegen Wasser, UV-Licht und wechselnde Witterungsbedingungen<\/p>\n<\/li>\n<\/ul>\n<p data-start=\"843\" data-end=\"908\"><span style=\"color: #333333; font-size: 18px;\"><br \/>\nAnwendungen in der Industrie:<\/span><\/p>\n<ul data-start=\"1006\" data-end=\"1274\">\n<li data-start=\"1006\" data-end=\"1065\">\n<p data-start=\"1008\" data-end=\"1065\">Markierung von Teilen, Kabeln, Werkzeugen oder Regalen<\/p>\n<\/li>\n<li data-start=\"1066\" data-end=\"1136\">\n<p data-start=\"1068\" data-end=\"1136\">Geeignet f\u00fcr Produktionshallen, Lager und Logistikumgebungen<\/p>\n<\/li>\n<li data-start=\"1137\" data-end=\"1219\">\n<p data-start=\"1139\" data-end=\"1219\">Abriebfest, rei\u00dffest und best\u00e4ndig gegen Chemikalien und Temperaturschwankungen<\/p>\n<\/li>\n<\/ul>\n<h4 data-start=\"1276\" data-end=\"1293\">Eigenschaften:<\/h4>\n<ul data-start=\"1294\" data-end=\"1544\">\n<li data-start=\"1352\" data-end=\"1403\">\n<p data-start=\"1354\" data-end=\"1403\"><strong data-start=\"1354\" data-end=\"1401\">Erh\u00e4ltlich in verschiedenen Formaten <\/strong><\/p>\n<\/li>\n<li data-start=\"1404\" data-end=\"1473\">\n<p data-start=\"1406\" data-end=\"1473\"><strong data-start=\"1406\" data-end=\"1471\">Beschreibbar mit Stift oder bedruckbar mit Thermotransferdruck<\/strong><\/p>\n<\/li>\n<\/ul>\n","protected":false},"excerpt":{"rendered":"<p data-start=\"133\" data-end=\"201\"><strong data-start=\"133\" data-end=\"201\">Selbstklebende Etiketten auf Rolle \u2013 Wetterbest\u00e4ndige Etiketten f\u00fcr Gartenbau &amp; Industrie<\/strong><\/p>\n<p data-start=\"203\" data-end=\"543\">Unsere selbstklebenden Kunststoffetiketten auf Rolle sind sowohl f\u00fcr den Gartenbau als auch f\u00fcr industrielle Anwendungen geeignet. Sie widerstehen Regen, Sonne, Schmutz und Temperaturschwankungen. Dank der starken Verklebung lassen sie sich schnell an T\u00f6pfen, Metallkarren, Wickelfolie oder Kartons befestigen.  <\/p>\n<ul>\n<li>hervorragend geeignet f\u00fcr Au\u00dfenanwendungen<\/li>\n<li>Best\u00e4ndig gegen Wasser und Chemikalien<\/li>\n<li>Geeignet f\u00fcr Thermotransferdruck<\/li>\n<\/ul>\n<p>Alle Preise verstehen sich pro Rolle, exklusive Mehrwertsteuer.<\/p>\n","protected":false},"featured_media":10219,"template":"","meta":{"_et_pb_use_builder":"","_et_pb_old_content":"","_et_gb_content_width":"","advanced_seo_description":"","jetpack_seo_html_title":"","jetpack_seo_noindex":false,"jetpack_publicize_message":"","jetpack_publicize_feature_enabled":true,"jetpack_social_post_already_shared":true,"jetpack_social_options":{"image_generator_settings":{"template":"highway","default_image_id":0,"font":"","enabled":false},"version":2}},"product_brand":[],"product_cat":[829],"product_tag":[857],"class_list":{"0":"post-11037","1":"product","2":"type-product","3":"status-publish","4":"has-post-thumbnail","6":"product_cat-selbstklebende-etiketten","7":"product_tag-gartenbau","8":"product_shipping_class-sendungen-bis-25-kg","10":"first","11":"instock","12":"taxable","13":"shipping-taxable","14":"purchasable","15":"product-type-simple"},"bundled_by":[],"bundle_stock_status":"instock","bundle_stock_quantity":null,"bundle_virtual":false,"bundle_layout":"","bundle_add_to_cart_form_location":"","bundle_editable_in_cart":false,"bundle_sold_individually_context":"","bundle_item_grouping":"","bundle_min_size":"","bundle_max_size":"","bundle_price":[],"bundled_items":[],"bundle_sell_ids":[],"jetpack_publicize_connections":[],"thumbnail":"https:\/\/www.stikalabels.be\/wp-content\/uploads\/2025\/08\/ZK_050_050_1_ZK006-alg.png","price_html":"\t\t<span class=\"tiered-pricing-dynamic-price-wrapper\"\n\t\t\t  data-display-context=\"shop-loop\"\n\t\t\t  data-price-type=\"no-rules\"\n\t\t\t  data-product-id=\"11037\"\n\t\t\t  data-parent-id=\"11037\">\n\t\t\tFordern Sie hier Ihr Angebot an<\/span>","on_sale":false,"stock_status":"instock","rating_html":"","rating_count":0,"jetpack_sharing_enabled":true,"tiered_pricing_type":"fixed","tiered_pricing_fixed_rules":[],"tiered_pricing_product_settings":{"layout":"default","base_unit_name":{"singular":null,"plural":null},"default_variation":null},"tiered_pricing_minimum_quantity":null,"tiered_pricing_roles_data":[],"tiered_pricing_percentage_rules":[],"tiered_pricing_maximum_quantity":null,"tiered_pricing_quantity_step":null,"_links":{"self":[{"href":"https:\/\/www.stikalabels.be\/de\/wp-json\/wp\/v2\/product\/11037","targetHints":{"allow":["GET"]}}],"collection":[{"href":"https:\/\/www.stikalabels.be\/de\/wp-json\/wp\/v2\/product"}],"about":[{"href":"https:\/\/www.stikalabels.be\/de\/wp-json\/wp\/v2\/types\/product"}],"wp:featuredmedia":[{"embeddable":true,"href":"https:\/\/www.stikalabels.be\/de\/wp-json\/wp\/v2\/media\/10219"}],"wp:attachment":[{"href":"https:\/\/www.stikalabels.be\/de\/wp-json\/wp\/v2\/media?parent=11037"}],"wp:term":[{"taxonomy":"product_brand","embeddable":true,"href":"https:\/\/www.stikalabels.be\/de\/wp-json\/wp\/v2\/product_brand?post=11037"},{"taxonomy":"product_cat","embeddable":true,"href":"https:\/\/www.stikalabels.be\/de\/wp-json\/wp\/v2\/product_cat?post=11037"},{"taxonomy":"product_tag","embeddable":true,"href":"https:\/\/www.stikalabels.be\/de\/wp-json\/wp\/v2\/product_tag?post=11037"}],"curies":[{"name":"wp","href":"https:\/\/api.w.org\/{rel}","templated":true}]}}