{"id":11363,"date":"2025-08-05T15:57:59","date_gmt":"2025-08-05T13:57:59","guid":{"rendered":"https:\/\/www.stikalabels.be\/shop\/unkategorisiert\/laseretikett-200-x-287-mm-v005\/"},"modified":"2026-01-06T21:06:55","modified_gmt":"2026-01-06T20:06:55","slug":"laseretikett-200-x-287-mm-v005","status":"publish","type":"product","link":"https:\/\/www.stikalabels.be\/de\/shop\/kunststoff-etiketten\/a4selbstklebend\/laseretikett-200-x-287-mm-v005\/","title":{"rendered":"Laseretikett 200 x 287 mm (V005)"},"content":{"rendered":"<p><strong data-start=\"106\" data-end=\"170\">Selbstklebende Laseretiketten \u2013 Speziell f\u00fcr T\u00f6pfe (Gartenbau)<br \/>\n<\/strong><br data-start=\"170\" data-end=\"173\">Diese hochwertigen selbstklebenden Laseretiketten wurden f\u00fcr den Einsatz im Gartenbau entwickelt und verf\u00fcgen \u00fcber eine spezielle Klebeschicht, die hervorragend auf Kunststofft\u00f6pfen haftet, selbst bei feuchten oder wechselnden Wetterbedingungen.<br \/>\nGeeignet f\u00fcr Laserdrucker und best\u00e4ndig gegen UV-Strahlung, Wasser und Temperaturschwankungen. Ideal f\u00fcr Produktidentifikation, Barcodes oder Logos auf Pflanzt\u00f6pfen und Trays. <\/p>\n","protected":false},"excerpt":{"rendered":"<p data-start=\"89\" data-end=\"559\"><strong data-start=\"89\" data-end=\"151\">Selbstklebende Laseretiketten f\u00fcr T\u00f6pfe \u2013 Gartenbauqualit\u00e4t<br \/>\n<\/strong><br data-start=\"151\" data-end=\"154\">Professionelle Laseretiketten mit extra starker Klebeschicht, speziell f\u00fcr den Einsatz auf Kunststofft\u00f6pfen im Gartenbau entwickelt. Die permanente Klebeschicht haftet zuverl\u00e4ssig, selbst auf feuchten Oberfl\u00e4chen und bei wechselnden Wetterbedingungen. Geeignet f\u00fcr alle Standard-Laserdrucker. Ideal f\u00fcr Pflanzenetiketten, Produktinformationen oder Barcode-Kennzeichnung. UV- und wasserbest\u00e4ndig f\u00fcr den langfristigen Einsatz im Innen- und Au\u00dfenbereich.    <\/p>\n<p data-start=\"561\" data-end=\"717\">\u2714 Hervorragende Haftung auf Kunststofft\u00f6pfen<br data-start=\"601\" data-end=\"604\">\u2714 Best\u00e4ndig gegen Feuchtigkeit und UV-Strahlung<br data-start=\"631\" data-end=\"634\">\u2714 Kompatibel mit Laserdruckern<br data-start=\"664\" data-end=\"667\">\u2714 Perfekt f\u00fcr Gartencenter, Z\u00fcchter und Exporteure<\/p>\n<p>Alle Preise verstehen sich pro 100 Blatt, exklusive Mehrwertsteuer. Standardm\u00e4\u00dfig verpackt pro 100 Blatt. Polyesterfolie geeignet f\u00fcr Laserdruck.  <\/p>\n","protected":false},"featured_media":9297,"template":"","meta":{"_et_pb_use_builder":"","_et_pb_old_content":"","_et_gb_content_width":"","advanced_seo_description":"","jetpack_seo_html_title":"","jetpack_seo_noindex":false,"jetpack_publicize_message":"","jetpack_publicize_feature_enabled":true,"jetpack_social_post_already_shared":true,"jetpack_social_options":{"image_generator_settings":{"template":"highway","default_image_id":0,"font":"","enabled":false},"version":2}},"product_brand":[],"product_cat":[783],"product_tag":[857],"class_list":{"0":"post-11363","1":"product","2":"type-product","3":"status-publish","4":"has-post-thumbnail","6":"product_cat-a4selbstklebend","7":"product_tag-gartenbau","8":"product_shipping_class-sendungen-bis-25-kg","10":"first","11":"instock","12":"taxable","13":"shipping-taxable","14":"purchasable","15":"product-type-simple"},"bundled_by":[],"bundle_stock_status":"instock","bundle_stock_quantity":null,"bundle_virtual":false,"bundle_layout":"","bundle_add_to_cart_form_location":"","bundle_editable_in_cart":false,"bundle_sold_individually_context":"","bundle_item_grouping":"","bundle_min_size":"","bundle_max_size":"","bundle_price":[],"bundled_items":[],"bundle_sell_ids":[],"jetpack_publicize_connections":[],"thumbnail":"https:\/\/www.stikalabels.be\/wp-content\/uploads\/2025\/08\/LZ_200_287_V005-alg.png","price_html":"\t\t<span class=\"tiered-pricing-dynamic-price-wrapper\"\n\t\t\t  data-display-context=\"shop-loop\"\n\t\t\t  data-price-type=\"no-rules\"\n\t\t\t  data-product-id=\"11363\"\n\t\t\t  data-parent-id=\"11363\">\n\t\t\tFordern Sie hier Ihr Angebot an<\/span>","on_sale":false,"stock_status":"instock","rating_html":"","rating_count":0,"jetpack_sharing_enabled":true,"tiered_pricing_type":"fixed","tiered_pricing_fixed_rules":[],"tiered_pricing_product_settings":{"layout":"default","base_unit_name":{"singular":null,"plural":null},"default_variation":null},"tiered_pricing_minimum_quantity":null,"tiered_pricing_roles_data":[],"tiered_pricing_percentage_rules":[],"tiered_pricing_maximum_quantity":null,"tiered_pricing_quantity_step":null,"_links":{"self":[{"href":"https:\/\/www.stikalabels.be\/de\/wp-json\/wp\/v2\/product\/11363","targetHints":{"allow":["GET"]}}],"collection":[{"href":"https:\/\/www.stikalabels.be\/de\/wp-json\/wp\/v2\/product"}],"about":[{"href":"https:\/\/www.stikalabels.be\/de\/wp-json\/wp\/v2\/types\/product"}],"wp:featuredmedia":[{"embeddable":true,"href":"https:\/\/www.stikalabels.be\/de\/wp-json\/wp\/v2\/media\/9297"}],"wp:attachment":[{"href":"https:\/\/www.stikalabels.be\/de\/wp-json\/wp\/v2\/media?parent=11363"}],"wp:term":[{"taxonomy":"product_brand","embeddable":true,"href":"https:\/\/www.stikalabels.be\/de\/wp-json\/wp\/v2\/product_brand?post=11363"},{"taxonomy":"product_cat","embeddable":true,"href":"https:\/\/www.stikalabels.be\/de\/wp-json\/wp\/v2\/product_cat?post=11363"},{"taxonomy":"product_tag","embeddable":true,"href":"https:\/\/www.stikalabels.be\/de\/wp-json\/wp\/v2\/product_tag?post=11363"}],"curies":[{"name":"wp","href":"https:\/\/api.w.org\/{rel}","templated":true}]}}