{"id":10708,"date":"2025-06-25T15:30:22","date_gmt":"2025-06-25T13:30:22","guid":{"rendered":"https:\/\/www.stikalabels.be\/shop\/non%20class\u00e9\/38-x-25mm-2-bandes-detachables\/"},"modified":"2026-01-14T16:50:09","modified_gmt":"2026-01-14T15:50:09","slug":"38-x-25mm-2-bandes-detachables","status":"publish","type":"product","link":"https:\/\/www.stikalabels.be\/fr\/shop\/secteur-du-transport-et-de-la-logistique\/etiquettes-en-rouleaux\/etiquettes-autocollantes\/38-x-25mm-2-bandes-detachables\/","title":{"rendered":"38 x 25mm \u2013 2 bandes d\u00e9tachables"},"content":{"rendered":"<p data-start=\"213\" data-end=\"291\">Nos <strong>\u00e9tiquettes autocollantes<\/strong> sont id\u00e9ales pour un \u00e9tiquetage rapide et durable. Gr\u00e2ce \u00e0 leur couche adh\u00e9sive puissante, elles adh\u00e8rent sans effort sur diverses surfaces comme le papier, le plastique, les pots et le m\u00e9tal. Parfaites pour une utilisation sur les emballages, les produits ou dans les environnements de bureau. Disponibles en diff\u00e9rents formats et finitions, faciles \u00e0 appliquer.   <\/p>\n<p>Les \u00e9tiquettes sont compatibles avec l&rsquo;impression par transfert thermique, garantissant une impression nette et r\u00e9sistante \u00e0 l&rsquo;usure.<\/p>\n<h4 data-start=\"693\" data-end=\"729\">Applications en horticulture :<\/h4>\n<ul data-start=\"730\" data-end=\"966\">\n<li data-start=\"730\" data-end=\"782\">\n<p data-start=\"732\" data-end=\"782\">\u00c9tiquetage des pots, chariots, films plastiques, ..<\/p>\n<\/li>\n<li data-start=\"783\" data-end=\"840\">\n<p data-start=\"785\" data-end=\"840\">Adapt\u00e9es pour une utilisation dans les serres, les champs et les jardineries<\/p>\n<\/li>\n<li data-start=\"783\" data-end=\"840\">\n<p data-start=\"785\" data-end=\"840\">Les versions en plastique r\u00e9sistent \u00e0 l&rsquo;eau, aux rayons UV et aux conditions m\u00e9t\u00e9orologiques variables<\/p>\n<\/li>\n<\/ul>\n<p data-start=\"843\" data-end=\"908\"><span style=\"color: #333333; font-size: 18px;\"><br \/>\nApplications industrielles :<\/span><\/p>\n<ul data-start=\"1006\" data-end=\"1274\">\n<li data-start=\"1006\" data-end=\"1065\">\n<p data-start=\"1008\" data-end=\"1065\">Marquage des pi\u00e8ces, c\u00e2bles, outils ou rayonnages<\/p>\n<\/li>\n<li data-start=\"1066\" data-end=\"1136\">\n<p data-start=\"1068\" data-end=\"1136\">Adapt\u00e9es aux halls de production, entrep\u00f4ts et environnements logistiques<\/p>\n<\/li>\n<li data-start=\"1137\" data-end=\"1219\">\n<p data-start=\"1139\" data-end=\"1219\">R\u00e9sistantes \u00e0 l&rsquo;usure, aux d\u00e9chirures, aux produits chimiques et aux variations de temp\u00e9rature<\/p>\n<\/li>\n<\/ul>\n<h4 data-start=\"1276\" data-end=\"1293\">Caract\u00e9ristiques :<\/h4>\n<ul data-start=\"1294\" data-end=\"1544\">\n<li data-start=\"1352\" data-end=\"1403\">\n<p data-start=\"1354\" data-end=\"1403\"><strong data-start=\"1354\" data-end=\"1401\">Disponibles en diff\u00e9rents formats <\/strong><\/p>\n<\/li>\n<li data-start=\"1404\" data-end=\"1473\">\n<p data-start=\"1406\" data-end=\"1473\"><strong data-start=\"1406\" data-end=\"1471\">Inscriptibles au marqueur ou imprimables par transfert thermique<\/strong><\/p>\n<\/li>\n<\/ul>\n","protected":false},"excerpt":{"rendered":"<p data-start=\"133\" data-end=\"201\"><strong data-start=\"133\" data-end=\"201\">\u00c9tiquettes autocollantes en rouleau \u2013 Labels r\u00e9sistants aux intemp\u00e9ries pour l&rsquo;horticulture et l&rsquo;industrie<\/strong><\/p>\n<p data-start=\"203\" data-end=\"543\">Nos \u00e9tiquettes autocollantes en plastique en rouleau conviennent aussi bien aux applications horticoles qu&rsquo;industrielles. Elles r\u00e9sistent \u00e0 la pluie, au soleil, \u00e0 la salet\u00e9 et aux variations de temp\u00e9rature. Gr\u00e2ce \u00e0 leur adh\u00e9sif puissant, vous pouvez les fixer rapidement sur des pots, des chariots m\u00e9talliques, des films d&#8217;emballage ou des bo\u00eetes.  <\/p>\n<ul>\n<li>Particuli\u00e8rement adapt\u00e9es aux applications ext\u00e9rieures<\/li>\n<li>R\u00e9sistantes \u00e0 l&rsquo;eau et aux produits chimiques<\/li>\n<li>Convient \u00e0 l&rsquo;impression par transfert thermique<\/li>\n<\/ul>\n<p>Tous les prix sont par rouleau, hors TVA.<\/p>\n","protected":false},"featured_media":8844,"template":"","meta":{"_et_pb_use_builder":"","_et_pb_old_content":"","_et_gb_content_width":"","advanced_seo_description":"","jetpack_seo_html_title":"","jetpack_seo_noindex":false,"jetpack_publicize_message":"","jetpack_publicize_feature_enabled":true,"jetpack_social_post_already_shared":true,"jetpack_social_options":{"image_generator_settings":{"template":"highway","default_image_id":0,"font":"","enabled":false},"version":2}},"product_brand":[],"product_cat":[831],"product_tag":[332],"class_list":{"0":"post-10708","1":"product","2":"type-product","3":"status-publish","4":"has-post-thumbnail","6":"product_cat-etiquettes-autocollantes","7":"product_tag-horticulture","8":"product_shipping_class-expeditions-jusqua-25-kg","10":"first","11":"instock","12":"taxable","13":"shipping-taxable","14":"purchasable","15":"product-type-simple"},"bundled_by":[],"bundle_stock_status":"instock","bundle_stock_quantity":null,"bundle_virtual":false,"bundle_layout":"","bundle_add_to_cart_form_location":"","bundle_editable_in_cart":false,"bundle_sold_individually_context":"","bundle_item_grouping":"","bundle_min_size":"","bundle_max_size":"","bundle_price":[],"bundled_items":[],"bundle_sell_ids":[],"jetpack_publicize_connections":[],"thumbnail":"https:\/\/www.stikalabels.be\/wp-content\/uploads\/2025\/06\/ZK_038_025_2_ZK002-alg-1.png","price_html":"\t\t<span class=\"tiered-pricing-dynamic-price-wrapper\"\n\t\t\t  data-display-context=\"shop-loop\"\n\t\t\t  data-price-type=\"no-rules\"\n\t\t\t  data-product-id=\"10708\"\n\t\t\t  data-parent-id=\"10708\">\n\t\t\tDemandez votre prix ici<\/span>","on_sale":false,"stock_status":"instock","rating_html":"","rating_count":0,"jetpack_sharing_enabled":true,"tiered_pricing_type":"fixed","tiered_pricing_fixed_rules":[],"tiered_pricing_product_settings":{"layout":"default","base_unit_name":{"singular":null,"plural":null},"default_variation":null},"tiered_pricing_minimum_quantity":null,"tiered_pricing_roles_data":[],"tiered_pricing_percentage_rules":[],"tiered_pricing_maximum_quantity":null,"tiered_pricing_quantity_step":null,"_links":{"self":[{"href":"https:\/\/www.stikalabels.be\/fr\/wp-json\/wp\/v2\/product\/10708","targetHints":{"allow":["GET"]}}],"collection":[{"href":"https:\/\/www.stikalabels.be\/fr\/wp-json\/wp\/v2\/product"}],"about":[{"href":"https:\/\/www.stikalabels.be\/fr\/wp-json\/wp\/v2\/types\/product"}],"wp:featuredmedia":[{"embeddable":true,"href":"https:\/\/www.stikalabels.be\/fr\/wp-json\/wp\/v2\/media\/8844"}],"wp:attachment":[{"href":"https:\/\/www.stikalabels.be\/fr\/wp-json\/wp\/v2\/media?parent=10708"}],"wp:term":[{"taxonomy":"product_brand","embeddable":true,"href":"https:\/\/www.stikalabels.be\/fr\/wp-json\/wp\/v2\/product_brand?post=10708"},{"taxonomy":"product_cat","embeddable":true,"href":"https:\/\/www.stikalabels.be\/fr\/wp-json\/wp\/v2\/product_cat?post=10708"},{"taxonomy":"product_tag","embeddable":true,"href":"https:\/\/www.stikalabels.be\/fr\/wp-json\/wp\/v2\/product_tag?post=10708"}],"curies":[{"name":"wp","href":"https:\/\/api.w.org\/{rel}","templated":true}]}}