{"id":11471,"date":"2025-06-20T14:20:58","date_gmt":"2025-06-20T12:20:58","guid":{"rendered":"https:\/\/www.stikalabels.be\/shop\/non%20class\u00e9\/etiquette-laser-105-x-37mm-n01\/"},"modified":"2026-01-06T21:03:52","modified_gmt":"2026-01-06T20:03:52","slug":"etiquette-laser-105-x-37mm-n01","status":"publish","type":"product","link":"https:\/\/www.stikalabels.be\/fr\/shop\/planches-synthetiques\/non-adhesif\/etiquette-laser-105-x-37mm-n01\/","title":{"rendered":"\u00c9tiquette laser 105 x 37mm (N01)"},"content":{"rendered":"<p>Tous les prix sont indiqu\u00e9s par 100 feuilles, hors TVA. Emballage standard par 100 feuilles. Film PET ind\u00e9chirable en plastique.  <\/p>\n<p>\u00c9tiquettes en polyester adapt\u00e9es \u00e0 l&rsquo;identification dans l&rsquo;industrie sid\u00e9rurgique, l&rsquo;industrie du bois, le secteur de la construction et du b\u00e9ton&#8230;<br \/>\n\u00c9tiquettes plastiques en feuilles A4 pour imprimantes laser.<br \/>\nMat\u00e9riau robuste et r\u00e9sistant \u00e0 la d\u00e9chirure, r\u00e9sistant aux produits chimiques, aux acides de d\u00e9capage et aux intemp\u00e9ries.<\/p>\n<p>Mat\u00e9riau recommand\u00e9 pour l&rsquo;identification des treillis d&rsquo;armature, des treillis d&rsquo;acier de construction et des \u00e9tiquettes de b\u00e9ton pr\u00e9fabriqu\u00e9. Convient \u00e9galement aux \u00e9tiquettes de fil lamin\u00e9, aux \u00e9tiquettes pour fil br\u00fbl\u00e9, aux cages en acier et aux \u00e9tiquettes de barres d&rsquo;acier. <\/p>\n<p>Nous produisons des \u00e9tiquettes vierges standard. Pour les couleurs ou les feuilles pr\u00e9-imprim\u00e9es avec votre logo et les informations de votre entreprise, vous pouvez obtenir un devis personnalis\u00e9. <\/p>\n","protected":false},"excerpt":{"rendered":"<p>\u00c9tiquettes en polyester ind\u00e9chirables adapt\u00e9es \u00e0 l&rsquo;identification des produits dans l&rsquo;industrie sid\u00e9rurgique, l&rsquo;industrie du bois, le secteur de la construction et du b\u00e9ton&#8230;<br \/>\n\u2013 particuli\u00e8rement adapt\u00e9es aux applications ext\u00e9rieures<br \/>\n\u2013 r\u00e9sistantes \u00e0 la chaleur (-50 \u00b0C \u00e0 160 \u00b0C avec une courte p\u00e9riode jusqu&rsquo;\u00e0 200 \u00b0C)<br \/>\n\u2013 r\u00e9sistantes aux rayures<\/p>\n<p>Tous les prix sont indiqu\u00e9s par 100 feuilles, hors TVA. Emballage standard par 100 feuilles. Film PET adapt\u00e9 \u00e0 l&rsquo;impression laser.  <\/p>\n<p>&nbsp;<\/p>\n","protected":false},"featured_media":7462,"template":"","meta":{"_et_pb_use_builder":"","_et_pb_old_content":"","_et_gb_content_width":"","advanced_seo_description":"","jetpack_seo_html_title":"","jetpack_seo_noindex":false,"jetpack_publicize_message":"","jetpack_publicize_feature_enabled":true,"jetpack_social_post_already_shared":true,"jetpack_social_options":{"image_generator_settings":{"template":"highway","default_image_id":0,"font":"","enabled":false},"version":2}},"product_brand":[],"product_cat":[803],"product_tag":[336,335,333],"class_list":{"0":"post-11471","1":"product","2":"type-product","3":"status-publish","4":"has-post-thumbnail","6":"product_cat-non-adhesif","7":"product_tag-batiment-et-le-beton","8":"product_tag-industrie-du-bois","9":"product_tag-industrie-siderurgique","10":"product_shipping_class-expeditions-jusqua-25-kg","12":"first","13":"instock","14":"taxable","15":"shipping-taxable","16":"purchasable","17":"product-type-variable","18":"has-default-attributes"},"bundled_by":[],"bundle_stock_status":"instock","bundle_stock_quantity":null,"bundle_virtual":false,"bundle_layout":"","bundle_add_to_cart_form_location":"","bundle_editable_in_cart":false,"bundle_sold_individually_context":"","bundle_item_grouping":"","bundle_min_size":"","bundle_max_size":"","bundle_price":[],"bundled_items":[],"bundle_sell_ids":[],"jetpack_publicize_connections":[],"thumbnail":"https:\/\/www.stikalabels.be\/wp-content\/uploads\/2025\/06\/LN_105_37_N01-alg.png","price_html":"\t\t<span class=\"tiered-pricing-dynamic-price-wrapper tiered-pricing-dynamic-price-wrapper--variable\"\n\t\t\t  data-display-context=\"shop-loop\"\n\t\t\t  data-price-type=\"dynamic\"\n\t\t\t  data-product-id=\"11471\"\n\t\t\t  data-parent-id=\"11471\">\n\t\t\tDemandez votre prix ici<\/span>","on_sale":false,"stock_status":"instock","rating_html":"","rating_count":0,"jetpack_sharing_enabled":true,"tiered_pricing_type":"fixed","tiered_pricing_fixed_rules":[],"tiered_pricing_product_settings":{"layout":"default","base_unit_name":{"singular":null,"plural":null},"default_variation":null},"tiered_pricing_minimum_quantity":null,"tiered_pricing_roles_data":[],"tiered_pricing_percentage_rules":[],"tiered_pricing_maximum_quantity":null,"tiered_pricing_quantity_step":null,"_links":{"self":[{"href":"https:\/\/www.stikalabels.be\/fr\/wp-json\/wp\/v2\/product\/11471","targetHints":{"allow":["GET"]}}],"collection":[{"href":"https:\/\/www.stikalabels.be\/fr\/wp-json\/wp\/v2\/product"}],"about":[{"href":"https:\/\/www.stikalabels.be\/fr\/wp-json\/wp\/v2\/types\/product"}],"wp:featuredmedia":[{"embeddable":true,"href":"https:\/\/www.stikalabels.be\/fr\/wp-json\/wp\/v2\/media\/7462"}],"wp:attachment":[{"href":"https:\/\/www.stikalabels.be\/fr\/wp-json\/wp\/v2\/media?parent=11471"}],"wp:term":[{"taxonomy":"product_brand","embeddable":true,"href":"https:\/\/www.stikalabels.be\/fr\/wp-json\/wp\/v2\/product_brand?post=11471"},{"taxonomy":"product_cat","embeddable":true,"href":"https:\/\/www.stikalabels.be\/fr\/wp-json\/wp\/v2\/product_cat?post=11471"},{"taxonomy":"product_tag","embeddable":true,"href":"https:\/\/www.stikalabels.be\/fr\/wp-json\/wp\/v2\/product_tag?post=11471"}],"curies":[{"name":"wp","href":"https:\/\/api.w.org\/{rel}","templated":true}]}}