{"id":11550,"date":"2025-08-05T09:58:23","date_gmt":"2025-08-05T07:58:23","guid":{"rendered":"https:\/\/www.stikalabels.be\/shop\/non class\u00e9\/75-x-508-mm\/"},"modified":"2025-08-05T09:58:23","modified_gmt":"2025-08-05T07:58:23","slug":"75-x-508-mm","status":"publish","type":"product","link":"https:\/\/www.stikalabels.be\/fr\/shop\/secteur-du-transport-et-de-la-logistique\/etiquettes-en-rouleaux\/etiquettes-non-autocollantes\/75-x-508-mm\/","title":{"rendered":"75 x 50,8 mm"},"content":{"rendered":"<p><strong data-start=\"71\" data-end=\"116\">\u00c9tiquettes plastique non adh\u00e9sives en rouleau<br \/>\n<\/strong><br data-start=\"116\" data-end=\"119\">\u00c9tiquettes durables et r\u00e9sistantes \u00e0 la d\u00e9chirure fabriqu\u00e9es en plastique, adapt\u00e9es aux environnements exigeants. Ces \u00e9tiquettes ne poss\u00e8dent pas de couche adh\u00e9sive et sont livr\u00e9es en rouleau, id\u00e9ales pour les applications n\u00e9cessitant une fixation temporaire ou alternative. R\u00e9sistantes \u00e0 l&rsquo;humidit\u00e9, aux produits chimiques et aux temp\u00e9ratures extr\u00eames. Compatibles avec l&rsquo;impression par transfert thermique.   <\/p>\n","protected":false},"excerpt":{"rendered":"<p data-start=\"77\" data-end=\"122\"><strong data-start=\"77\" data-end=\"122\">\u00c9tiquettes plastique non adh\u00e9sives en rouleau<\/strong><\/p>\n<p data-start=\"124\" data-end=\"392\">Les \u00e9tiquettes plastique non adh\u00e9sives en rouleau constituent un excellent choix pour les applications o\u00f9 la durabilit\u00e9 et la r\u00e9sistance aux influences ext\u00e9rieures sont essentielles. Ces \u00e9tiquettes offrent une alternative robuste aux \u00e9tiquettes papier, particuli\u00e8rement dans les environnements exigeants. Nos \u00e9tiquettes r\u00e9sistent \u00e0 l&rsquo;humidit\u00e9, aux variations de temp\u00e9rature et aux produits chimiques. Elles demeurent ainsi lisibles et intactes, m\u00eame dans des conditions difficiles.<x id=\"gid_0\"><\/x>Ces \u00e9tiquettes sont compatibles avec l&rsquo;impression par imprimantes \u00e0 transfert thermique en combinaison avec un ruban. Elles peuvent \u00eatre dot\u00e9es de codes-barres, de texte, de pictogrammes ou de codages couleur, selon l&rsquo;application et les informations souhait\u00e9es.    <\/p>\n<p data-start=\"864\" data-end=\"1097\">\n","protected":false},"featured_media":8960,"template":"","meta":{"_et_pb_use_builder":"","_et_pb_old_content":"","_et_gb_content_width":"","advanced_seo_description":"","jetpack_seo_html_title":"","jetpack_seo_noindex":false,"jetpack_publicize_message":"","jetpack_publicize_feature_enabled":true,"jetpack_social_post_already_shared":true,"jetpack_social_options":{"image_generator_settings":{"template":"highway","default_image_id":0,"font":"","enabled":false},"version":2}},"product_brand":[],"product_cat":[828],"product_tag":[],"class_list":{"0":"post-11550","1":"product","2":"type-product","3":"status-publish","4":"has-post-thumbnail","6":"product_cat-etiquettes-non-autocollantes","7":"product_shipping_class-expeditions-jusqua-25-kg","9":"first","10":"instock","11":"taxable","12":"shipping-taxable","13":"product-type-simple"},"bundled_by":[],"bundle_stock_status":"instock","bundle_stock_quantity":null,"bundle_virtual":false,"bundle_layout":"","bundle_add_to_cart_form_location":"","bundle_editable_in_cart":false,"bundle_sold_individually_context":"","bundle_item_grouping":"","bundle_min_size":"","bundle_max_size":"","bundle_price":[],"bundled_items":[],"bundle_sell_ids":[],"jetpack_publicize_connections":[],"thumbnail":"https:\/\/www.stikalabels.be\/wp-content\/uploads\/2025\/08\/KR_075_0508_1_K005-alg.png","price_html":"\t\t<span class=\"tiered-pricing-dynamic-price-wrapper\"\n\t\t\t  data-display-context=\"shop-loop\"\n\t\t\t  data-price-type=\"no-rules\"\n\t\t\t  data-product-id=\"11550\"\n\t\t\t  data-parent-id=\"11550\">\n\t\t\tDemandez votre prix ici<\/span>","on_sale":false,"stock_status":"instock","rating_html":"","rating_count":0,"jetpack_sharing_enabled":true,"tiered_pricing_type":"fixed","tiered_pricing_fixed_rules":[],"tiered_pricing_product_settings":{"layout":"default","base_unit_name":{"singular":null,"plural":null},"default_variation":null},"tiered_pricing_minimum_quantity":null,"tiered_pricing_roles_data":[],"tiered_pricing_percentage_rules":[],"tiered_pricing_maximum_quantity":null,"tiered_pricing_quantity_step":null,"_links":{"self":[{"href":"https:\/\/www.stikalabels.be\/fr\/wp-json\/wp\/v2\/product\/11550","targetHints":{"allow":["GET"]}}],"collection":[{"href":"https:\/\/www.stikalabels.be\/fr\/wp-json\/wp\/v2\/product"}],"about":[{"href":"https:\/\/www.stikalabels.be\/fr\/wp-json\/wp\/v2\/types\/product"}],"wp:featuredmedia":[{"embeddable":true,"href":"https:\/\/www.stikalabels.be\/fr\/wp-json\/wp\/v2\/media\/8960"}],"wp:attachment":[{"href":"https:\/\/www.stikalabels.be\/fr\/wp-json\/wp\/v2\/media?parent=11550"}],"wp:term":[{"taxonomy":"product_brand","embeddable":true,"href":"https:\/\/www.stikalabels.be\/fr\/wp-json\/wp\/v2\/product_brand?post=11550"},{"taxonomy":"product_cat","embeddable":true,"href":"https:\/\/www.stikalabels.be\/fr\/wp-json\/wp\/v2\/product_cat?post=11550"},{"taxonomy":"product_tag","embeddable":true,"href":"https:\/\/www.stikalabels.be\/fr\/wp-json\/wp\/v2\/product_tag?post=11550"}],"curies":[{"name":"wp","href":"https:\/\/api.w.org\/{rel}","templated":true}]}}