{"id":12538,"date":"2025-06-25T22:09:27","date_gmt":"2025-06-25T20:09:27","guid":{"rendered":"https:\/\/www.stikalabels.be\/shop\/non%20class\u00e9\/etiquette-a-fente-50-x-230-1-rangee\/"},"modified":"2026-01-14T16:49:56","modified_gmt":"2026-01-14T15:49:56","slug":"etiquette-a-fente-50-x-230-1-rangee","status":"publish","type":"product","link":"https:\/\/www.stikalabels.be\/fr\/shop\/horticulture\/etiquettes-a-boucle\/etiquettes-a-boucle-sur-rouleau\/50x230\/etiquette-a-fente-50-x-230-1-rangee\/","title":{"rendered":"Etiquette \u00e0 boucle 50 x 230 \u2013 1 de front"},"content":{"rendered":"<h3 data-start=\"213\" data-end=\"291\">Etiquettes \u00e0 boucle \u2013 Labels durables et polyvalents pour l&rsquo;horticulture et l&rsquo;industrie<\/h3>\n<p data-start=\"293\" data-end=\"691\"><strong data-start=\"293\" data-end=\"316\">Nos \u00e9tiquettes \u00e0 fente en plastique<\/strong> sont la solution id\u00e9ale pour ceux qui recherchent une m\u00e9thode robuste et flexible pour \u00e9tiqueter des produits, des mat\u00e9riaux ou des plantes. Elles sont con\u00e7ues pour une utilisation intensive dans <strong data-start=\"494\" data-end=\"512\">le secteur horticole<\/strong> ainsi que dans les <strong data-start=\"520\" data-end=\"546\">environnements industriels<\/strong>. Gr\u00e2ce \u00e0 leur fente pratique, les \u00e9tiquettes peuvent \u00eatre fix\u00e9es rapidement aux pots, tuyaux, \u00e9tag\u00e8res, branches ou conteneurs, sans colle ni ficelle.  <\/p>\n<h4 data-start=\"693\" data-end=\"729\">Applications en horticulture :<\/h4>\n<ul data-start=\"730\" data-end=\"966\">\n<li data-start=\"730\" data-end=\"782\">\n<p data-start=\"732\" data-end=\"782\">\u00c9tiquetage de plantes, arbres, semences et fleurs<\/p>\n<\/li>\n<li data-start=\"783\" data-end=\"840\">\n<p data-start=\"785\" data-end=\"840\">Adapt\u00e9es pour une utilisation dans les serres, les champs et les jardineries<\/p>\n<\/li>\n<li data-start=\"841\" data-end=\"908\">\n<p data-start=\"843\" data-end=\"908\">R\u00e9sistant \u00e0 l&rsquo;eau, aux UV et aux conditions m\u00e9t\u00e9orologiques variables<\/p>\n<\/li>\n<li data-start=\"909\" data-end=\"966\">\n<p data-start=\"911\" data-end=\"966\">Id\u00e9al pour les p\u00e9pini\u00e8res, horticulteurs et exploitations agricoles<\/p>\n<\/li>\n<\/ul>\n<h4 data-start=\"968\" data-end=\"1005\">Applications industrielles :<\/h4>\n<ul data-start=\"1006\" data-end=\"1274\">\n<li data-start=\"1006\" data-end=\"1065\">\n<p data-start=\"1008\" data-end=\"1065\">Marquage des pi\u00e8ces, c\u00e2bles, outils ou rayonnages<\/p>\n<\/li>\n<li data-start=\"1066\" data-end=\"1136\">\n<p data-start=\"1068\" data-end=\"1136\">Adapt\u00e9es aux halls de production, entrep\u00f4ts et environnements logistiques<\/p>\n<\/li>\n<li data-start=\"1137\" data-end=\"1219\">\n<p data-start=\"1139\" data-end=\"1219\">R\u00e9sistantes \u00e0 l&rsquo;usure, aux d\u00e9chirures, aux produits chimiques et aux variations de temp\u00e9rature<\/p>\n<\/li>\n<li data-start=\"1220\" data-end=\"1274\">\n<p data-start=\"1222\" data-end=\"1274\">R\u00e9utilisable pour l&rsquo;\u00e9tiquetage temporaire ou variable<\/p>\n<\/li>\n<\/ul>\n<h4 data-start=\"1276\" data-end=\"1293\">Caract\u00e9ristiques :<\/h4>\n<ul data-start=\"1294\" data-end=\"1544\">\n<li data-start=\"1294\" data-end=\"1351\">\n<p data-start=\"1296\" data-end=\"1351\"><strong data-start=\"1296\" data-end=\"1310\">Mat\u00e9riau :<\/strong> Film PEHD ind\u00e9chirable<\/p>\n<\/li>\n<li data-start=\"1352\" data-end=\"1403\">\n<p data-start=\"1354\" data-end=\"1403\"><strong data-start=\"1354\" data-end=\"1401\">Disponible en diff\u00e9rents formats et couleurs<\/strong><\/p>\n<\/li>\n<li data-start=\"1404\" data-end=\"1473\">\n<p data-start=\"1406\" data-end=\"1473\"><strong data-start=\"1406\" data-end=\"1471\">Inscriptibles au marqueur ou imprimables par transfert thermique<\/strong><\/p>\n<\/li>\n<\/ul>\n<p data-start=\"1546\" data-end=\"1732\">Que vous g\u00e9riez une serre ou que vous souhaitiez d\u00e9velopper un entrep\u00f4t industriel organis\u00e9, nos \u00e9tiquettes \u00e0 fente allient durabilit\u00e9 et facilit\u00e9 d&rsquo;utilisation. Une identification fiable, jour apr\u00e8s jour. <\/p>\n","protected":false},"excerpt":{"rendered":"<p data-start=\"133\" data-end=\"201\"><strong data-start=\"133\" data-end=\"201\">Etiquettes \u00e0 boucle en rouleau \u2013 Labels r\u00e9sistants aux intemp\u00e9ries pour l&rsquo;horticulture et l&rsquo;industrie<\/strong><\/p>\n<p data-start=\"203\" data-end=\"543\">Nos \u00e9tiquettes \u00e0 fente en rouleau conviennent aussi bien aux applications horticoles qu&rsquo;industrielles. Elles r\u00e9sistent \u00e0 la pluie, au soleil, \u00e0 la salet\u00e9 et aux variations de temp\u00e9rature. Gr\u00e2ce \u00e0 la fente pratique, vous pouvez les fixer rapidement aux pots, branches, c\u00e2bles ou \u00e9tag\u00e8res. Disponibles en diff\u00e9rents formats, elles sont adapt\u00e9es \u00e0 l&rsquo;impression par transfert thermique.   <\/p>\n<ul>\n<li>Particuli\u00e8rement adapt\u00e9es aux applications ext\u00e9rieures<\/li>\n<li>Conforme \u00e0 la FDA 21 CFR pour le contact alimentaire<\/li>\n<li>R\u00e9sistant aux grandes variations de temp\u00e9rature : -40 \u00b0C \u00e0 +110 \u00b0C<\/li>\n<li>Haute r\u00e9sistance \u00e0 la traction et \u00e0 la d\u00e9chirure dans les deux sens<\/li>\n<li>R\u00e9sistantes \u00e0 l&rsquo;eau et aux produits chimiques<\/li>\n<li>Convient \u00e0 l&rsquo;impression par transfert thermique<\/li>\n<\/ul>\n<p>Tous les prix sont par rouleau, hors TVA.<\/p>\n","protected":false},"featured_media":7761,"template":"","meta":{"_et_pb_use_builder":"","_et_pb_old_content":"","_et_gb_content_width":"","advanced_seo_description":"","jetpack_seo_html_title":"","jetpack_seo_noindex":false,"jetpack_publicize_message":"","jetpack_publicize_feature_enabled":true,"jetpack_social_post_already_shared":true,"jetpack_social_options":{"image_generator_settings":{"template":"highway","default_image_id":0,"font":"","enabled":false},"version":2}},"product_brand":[],"product_cat":[1943],"product_tag":[172,168,170,169],"class_list":{"0":"post-12538","1":"product","2":"type-product","3":"status-publish","4":"has-post-thumbnail","6":"product_cat-50x230","7":"product_tag-bouw-en-betonindustrie","8":"product_tag-tuinbouw","9":"product_tag-vleesindustrie","10":"product_tag-staalindustrie","11":"product_shipping_class-expeditions-jusqua-25-kg","13":"first","14":"instock","15":"taxable","16":"shipping-taxable","17":"purchasable","18":"product-type-variable","19":"has-default-attributes"},"bundled_by":[],"bundle_stock_status":"instock","bundle_stock_quantity":null,"bundle_virtual":false,"bundle_layout":"","bundle_add_to_cart_form_location":"","bundle_editable_in_cart":false,"bundle_sold_individually_context":"","bundle_item_grouping":"","bundle_min_size":"","bundle_max_size":"","bundle_price":[],"bundled_items":[],"bundle_sell_ids":[],"jetpack_publicize_connections":[],"thumbnail":"https:\/\/www.stikalabels.be\/wp-content\/uploads\/2025\/06\/SL_050_230_1_SV_SL012-alg.png","price_html":"\t\t<span class=\"tiered-pricing-dynamic-price-wrapper tiered-pricing-dynamic-price-wrapper--variable\"\n\t\t\t  data-display-context=\"shop-loop\"\n\t\t\t  data-price-type=\"dynamic\"\n\t\t\t  data-product-id=\"12538\"\n\t\t\t  data-parent-id=\"12538\">\n\t\t\tDemandez votre prix ici<\/span>","on_sale":false,"stock_status":"instock","rating_html":"","rating_count":0,"jetpack_sharing_enabled":true,"tiered_pricing_type":"fixed","tiered_pricing_fixed_rules":{"12":16.86,"16":16.62,"20":16.23,"48":15.46},"tiered_pricing_product_settings":{"layout":"default","base_unit_name":{"singular":null,"plural":null},"default_variation":null},"tiered_pricing_minimum_quantity":8,"tiered_pricing_roles_data":[],"tiered_pricing_percentage_rules":[],"tiered_pricing_maximum_quantity":"48","tiered_pricing_quantity_step":"4","_links":{"self":[{"href":"https:\/\/www.stikalabels.be\/fr\/wp-json\/wp\/v2\/product\/12538","targetHints":{"allow":["GET"]}}],"collection":[{"href":"https:\/\/www.stikalabels.be\/fr\/wp-json\/wp\/v2\/product"}],"about":[{"href":"https:\/\/www.stikalabels.be\/fr\/wp-json\/wp\/v2\/types\/product"}],"wp:featuredmedia":[{"embeddable":true,"href":"https:\/\/www.stikalabels.be\/fr\/wp-json\/wp\/v2\/media\/7761"}],"wp:attachment":[{"href":"https:\/\/www.stikalabels.be\/fr\/wp-json\/wp\/v2\/media?parent=12538"}],"wp:term":[{"taxonomy":"product_brand","embeddable":true,"href":"https:\/\/www.stikalabels.be\/fr\/wp-json\/wp\/v2\/product_brand?post=12538"},{"taxonomy":"product_cat","embeddable":true,"href":"https:\/\/www.stikalabels.be\/fr\/wp-json\/wp\/v2\/product_cat?post=12538"},{"taxonomy":"product_tag","embeddable":true,"href":"https:\/\/www.stikalabels.be\/fr\/wp-json\/wp\/v2\/product_tag?post=12538"}],"curies":[{"name":"wp","href":"https:\/\/api.w.org\/{rel}","templated":true}]}}